{"id":142,"date":"2018-12-04T08:43:58","date_gmt":"2018-12-04T08:43:58","guid":{"rendered":"http:\/\/redprion.unizar.es\/?page_id=142"},"modified":"2021-05-19T07:06:27","modified_gmt":"2021-05-19T07:06:27","slug":"accueil","status":"publish","type":"page","link":"http:\/\/redprion.unizar.es\/?page_id=142&lang=fr","title":{"rendered":"Partenaires du projet RedPrion"},"content":{"rendered":"<p><img loading=\"lazy\" class=\"aligncenter wp-image-286 size-full\" src=\"http:\/\/redprion.unizar.es\/wp-content\/uploads\/2018\/12\/nota-de-prensa-unizar-foto-26022018-1.jpg\" alt=\"\" width=\"3585\" height=\"1923\" srcset=\"http:\/\/redprion.unizar.es\/wp-content\/uploads\/2018\/12\/nota-de-prensa-unizar-foto-26022018-1.jpg 3585w, http:\/\/redprion.unizar.es\/wp-content\/uploads\/2018\/12\/nota-de-prensa-unizar-foto-26022018-1-300x161.jpg 300w, http:\/\/redprion.unizar.es\/wp-content\/uploads\/2018\/12\/nota-de-prensa-unizar-foto-26022018-1-768x412.jpg 768w, http:\/\/redprion.unizar.es\/wp-content\/uploads\/2018\/12\/nota-de-prensa-unizar-foto-26022018-1-1024x549.jpg 1024w\" sizes=\"(max-width: 3585px) 100vw, 3585px\" \/><\/p>\n\n\n<p>Partenaire principal (chef de file)<br>UNIVERSIDAD DE ZARAGOZA (UNIZAR)<br>Oficina de Proyectos Europeos. Edificio Interfacultades.<br>C\/Pedro Cerbuna, 12\u00a0<br>50009 Zaragoza (Espa\u00f1a)<br><a href=\"http:\/\/www.unizar.es\">www.unizar.es<\/a><br>Responsables du projet: Juan Jos\u00e9 Badiola Diez \/ Rosa M\u00aa Bolea Bailo.<\/p>\n\n\n\n<p>L&#8217; INSTITUT NATIONAL DE LA RECHERCHE AGRONOMIQUE (INRA)<br>Chemin de Borde Rouge.<br>31076 Bordeaux (France)<br><a href=\"http:\/\/www.inra.fr\">www.inra.fr<\/a><br>Responsable du projet: Olivier Andr\u00e9oletti<\/p>\n\n\n\n<p>ASOCIACI\u00d3N CENTRO DE INVESTIGACI\u00d3N COOPERATIVA EN BIOCIENCIAS (CIC bioGUNE)<br>Parque Tecnol\u00f3gico de Bizkaia, edificio 801\u00aa<br>48160 Derio (Bizkaia) Espa\u00f1a<br><a href=\"http:\/\/www.cicbiogune.es\">www.cicbiogune.es<\/a><br>Responsable du projet: Joaqu\u00edn Castilla Castrill\u00f3n.<\/p>\n\n\n\n<p>UNIVERSITAT AUTONOMA DE BARCELONA (UAB)<br>Plaza C\u00edvica, Campus de la UAB<br>08193 Bellaterra, Cerdanyola del Vall\u00e9s (Barcelona) Espa\u00f1a<br><a href=\"http:\/\/www.uab.es\">www.uab.es<\/a><br>Responsable du projet: Mart\u00ed Pumarola Batlle<\/p>\n\n\n\n<p>UNIVERSITAT DE BARCELONA (UB)<\/p>\n\n\n\n<p>C\/ Gran V\u00eda de les Corts Catalanes, 585<br>08007 Barcelona (Espa\u00f1a)<br><a href=\"http:\/\/www.ub.edu\">www.ub.edu<\/a><br>Responsable du projet: Isidro Ferrer Abizanda.<\/p>\n\n\n\n<p>INSTITUT NATIONAL DE LA SANT\u00c9 ET DE LA RECHERCHE M\u00c9DICALE (INSERM)<br>D\u00e9l\u00e9gation r\u00e9gionale Inserm Midi-Pyr\u00e9n\u00e9es et Limousin,<br>CHU Purpan, BP 3048<br>31024 Toulouse cedex 3 (France)<br><a href=\"http:\/\/tonic.inserm.fr\/\">http:\/\/tonic.inserm.fr\/<\/a><br>Responsable du projet: Patrice P\u00e9ran<\/p>\n\n\n\n<p>ATLAS MOLECULAR PHARMA S.L<br>Parque Tecnol\u00f3gico de Bizkaia \u2013 Edificio 800<br>48160 Derio (Bizkaia)Espa\u00f1a<br><a href=\"http:\/\/www.linkedin.com\/company\/atlas-molecular-pharma\">www.linkedin.com\/company\/atlas-molecular-pharma<\/a><br>Responsable du projet: Hasier Era\u00f1a Lasagabaster<\/p>\n\n\n\n<p>Partenaires associ\u00e9s:<\/p>\n\n\n\n<p>Casa de Ganaderos de Zaragoza S.C.L.<br>Calle San Andr\u00e9s 8<br>50001 Zaragoza (Espa\u00f1a)<\/p>\n\n\n\n<p>Centre d\u00e9partemental de l&#8217;\u00e9levage ovin (CDEO)<br>Quartier Ahetzia<br>64130 Ordiarp (France)<\/p>\n\n\n\n<p>Centre R\u00e9gional d&#8217;Excellence en Maladies Neurod\u00e9g\u00e9neratives (COEN).<br>NeuroToul Centre de physiopathologie de Toulouse Purpan<br>CHU Purpan BP 3028<br>31024 Toulouse Cedex 3 (France)<\/p>\n","protected":false},"excerpt":{"rendered":"<p>Partenaire principal (chef de file)UNIVERSIDAD DE ZARAGOZA (UNIZAR)Oficina de Proyectos Europeos. Edificio Interfacultades.C\/Pedro Cerbuna, 12\u00a050009 Zaragoza (Espa\u00f1a)www.unizar.esResponsables du projet: Juan<\/p>\n","protected":false},"author":1,"featured_media":0,"parent":0,"menu_order":0,"comment_status":"closed","ping_status":"closed","template":"","meta":[],"_links":{"self":[{"href":"http:\/\/redprion.unizar.es\/index.php?rest_route=\/wp\/v2\/pages\/142"}],"collection":[{"href":"http:\/\/redprion.unizar.es\/index.php?rest_route=\/wp\/v2\/pages"}],"about":[{"href":"http:\/\/redprion.unizar.es\/index.php?rest_route=\/wp\/v2\/types\/page"}],"author":[{"embeddable":true,"href":"http:\/\/redprion.unizar.es\/index.php?rest_route=\/wp\/v2\/users\/1"}],"replies":[{"embeddable":true,"href":"http:\/\/redprion.unizar.es\/index.php?rest_route=%2Fwp%2Fv2%2Fcomments&post=142"}],"version-history":[{"count":4,"href":"http:\/\/redprion.unizar.es\/index.php?rest_route=\/wp\/v2\/pages\/142\/revisions"}],"predecessor-version":[{"id":356,"href":"http:\/\/redprion.unizar.es\/index.php?rest_route=\/wp\/v2\/pages\/142\/revisions\/356"}],"wp:attachment":[{"href":"http:\/\/redprion.unizar.es\/index.php?rest_route=%2Fwp%2Fv2%2Fmedia&parent=142"}],"curies":[{"name":"wp","href":"https:\/\/api.w.org\/{rel}","templated":true}]}}